{"id":30072,"date":"2026-04-04T11:59:08","date_gmt":"2026-04-04T08:59:08","guid":{"rendered":"https:\/\/kristjanjuusu.com\/poemes-graphiques\/"},"modified":"2026-04-04T11:59:08","modified_gmt":"2026-04-04T08:59:08","slug":"poemes-graphiques","status":"publish","type":"page","link":"https:\/\/kristjanjuusu.com\/fr\/poemes-graphiques\/","title":{"rendered":"Po\u00e8mes et graphiques"},"content":{"rendered":"\n<p><\/p>\n\n\n\n<p><\/p>\n\n\n\n<div class=\"wp-block-uagb-container uagb-block-66d2d0f8 alignfull uagb-is-root-container\"><div class=\"uagb-container-inner-blocks-wrap\">\n<div class=\"wp-block-uagb-container uagb-block-952b69b5\">\n<figure class=\"wp-block-image aligncenter size-full is-resized has-custom-border\" style=\"margin-top:0;margin-right:0;margin-bottom:0;margin-left:0\"><img loading=\"lazy\" decoding=\"async\" width=\"750\" height=\"500\" src=\"https:\/\/kristjanjuusu.com\/wp-content\/uploads\/2025\/01\/harra-kevad_1999_kuivnoel_graphics_kristjan-juusu.jpg\" alt=\"\" class=\"wp-image-29367\" style=\"border-style:none;border-width:0px;border-radius:18px;width:460px;height:auto\" srcset=\"https:\/\/kristjanjuusu.com\/wp-content\/uploads\/2025\/01\/harra-kevad_1999_kuivnoel_graphics_kristjan-juusu.jpg 750w, https:\/\/kristjanjuusu.com\/wp-content\/uploads\/2025\/01\/harra-kevad_1999_kuivnoel_graphics_kristjan-juusu-300x200.jpg 300w\" sizes=\"auto, (max-width: 750px) 100vw, 750px\" \/><figcaption class=\"wp-element-caption\">60 x 110mm. *h\u00e4rra kevad* drypoint art 3\/4, 1999 Tartu<\/figcaption><\/figure>\n<\/div>\n\n\n\n<div class=\"wp-block-uagb-container uagb-block-ceeb1599\">\n<p class=\"has-text-align-center\">                                                                 ****<\/p>\n\n\n\n<p class=\"has-text-align-center\">Vireleva vaikuse viheluses,<br>sombuses keskp\u00e4eva kerges lumega kaetuna<br>rohelise kevadet ootava vaiba all,<br>on ootamas suures kiheluses<br>kevadet, ma nagu juba tunneksin Sind.<\/p>\n\n\n\n<p class=\"has-text-align-center\">Tuttavat lindude laulu hing aimates<br>kosutab m\u00f5tteid p\u00f5hjatuult vaadates m\u00e4nd,<br>ja kaugemal kasepuu kiikuvas tuules<br>on soe sarnane tuttavlik ind.<\/p>\n\n\n\n<p class=\"has-text-align-center\">L\u00e4bi k\u00fclma akna<br>kaetud tulpide veel avamata rohekas \u00f5is,<br>uut tuulepuhangut oodates ja taeva mahedaid<br>ning synk mustreid vaadates,<br>on endas k\u00f5ik suurem mis n\u00e4is.<\/p>\n\n\n\n<p class=\"has-text-align-center\">****<\/p>\n\n\n\n<p class=\"has-text-align-center\">(17.Feb.2024)<\/p>\n<\/div>\n<\/div><\/div>\n\n\n\n<div class=\"wp-block-uagb-container uagb-block-18606559 alignfull uagb-is-root-container\"><div class=\"uagb-container-inner-blocks-wrap\">\n<div class=\"wp-block-uagb-container uagb-block-9c961be5\">\n<figure class=\"wp-block-image aligncenter size-full is-resized has-custom-border\" style=\"margin-top:0;margin-right:0;margin-bottom:0;margin-left:0\"><img loading=\"lazy\" decoding=\"async\" width=\"1462\" height=\"2560\" src=\"https:\/\/kristjanjuusu.com\/wp-content\/uploads\/2025\/03\/kristjan-JUUSU_art_design_paintings-24-scaled.jpg\" alt=\"\" class=\"wp-image-29586\" style=\"border-style:none;border-width:0px;border-radius:18px;width:460px;height:auto\" srcset=\"https:\/\/kristjanjuusu.com\/wp-content\/uploads\/2025\/03\/kristjan-JUUSU_art_design_paintings-24-scaled.jpg 1462w, https:\/\/kristjanjuusu.com\/wp-content\/uploads\/2025\/03\/kristjan-JUUSU_art_design_paintings-24-171x300.jpg 171w, https:\/\/kristjanjuusu.com\/wp-content\/uploads\/2025\/03\/kristjan-JUUSU_art_design_paintings-24-585x1024.jpg 585w, https:\/\/kristjanjuusu.com\/wp-content\/uploads\/2025\/03\/kristjan-JUUSU_art_design_paintings-24-768x1345.jpg 768w, https:\/\/kristjanjuusu.com\/wp-content\/uploads\/2025\/03\/kristjan-JUUSU_art_design_paintings-24-877x1536.jpg 877w, https:\/\/kristjanjuusu.com\/wp-content\/uploads\/2025\/03\/kristjan-JUUSU_art_design_paintings-24-1170x2048.jpg 1170w\" sizes=\"auto, (max-width: 1462px) 100vw, 1462px\" \/><figcaption class=\"wp-element-caption\">Welding Iron<br>35 \u00d7 20 \u00d7 15 cm (H \u00d7 W \u00d7 D)<\/figcaption><\/figure>\n<\/div>\n\n\n\n<div class=\"wp-block-uagb-container uagb-block-568abdeb\">\n<p class=\"has-text-align-center\">                                                                 ****<\/p>\n\n\n\n<p class=\"has-text-align-center\">K\u00f5rvuni on armunu, ja silmis elektroodi s\u00e4ra, Arm on maailmast pimestanud, puhta \u00e4ra.<\/p>\n\n\n\n<p>Nagu keevitaja pilt on must ja kuhu minna, ainult s\u00e4ra n\u00e4itab ust.<\/p>\n\n\n\n<p class=\"has-text-align-center\">Armunul on maskiks p\u00fcksid ees, k\u00f5rvuni on esimene tunne, kauaks j\u00e4tkub seda elektroodi veel?<\/p>\n\n\n\n<p>                                                           ****<\/p>\n\n\n\n<p class=\"has-text-align-center\">Head over heels in love, with a sparkle in the eyes like an electrode&rsquo;s glow, Love has blinded from the world, leaving it pure, in its radiant throw. Like a welder&rsquo;s image in darkness, where to go, the path is unclear, Only the gleam reveals a door, beckoning, crystal clear.<\/p>\n\n\n\n<p class=\"has-text-align-center\">In love, the trousers are a mask, concealing the passionate flame, From head to toe, the first emotion, how long will this electrode&rsquo;s dance remain?<\/p>\n\n\n\n<p class=\"has-text-align-center\">****<\/p>\n\n\n\n<p class=\"has-text-align-center\">Welding at 2000<\/p>\n\n\n\n<p class=\"has-text-align-center\">Poetry at 2023<\/p>\n<\/div>\n<\/div><\/div>\n\n\n\n<div class=\"wp-block-uagb-container uagb-block-1e338cc1 alignfull uagb-is-root-container\"><div class=\"uagb-container-inner-blocks-wrap\">\n<div class=\"wp-block-uagb-container uagb-block-07f4a08c\">\n<figure class=\"wp-block-image aligncenter size-large is-resized has-custom-border is-style-default\" style=\"margin-top:0;margin-right:0;margin-bottom:0;margin-left:0\"><img loading=\"lazy\" decoding=\"async\" width=\"988\" height=\"1024\" src=\"https:\/\/kristjanjuusu.com\/wp-content\/uploads\/2025\/01\/sookured_kuivnoel-1_1-kristjan-Juusu-1999-1-988x1024.jpg\" alt=\"\" class=\"wp-image-29366\" style=\"border-radius:18px;width:276px;height:auto\" srcset=\"https:\/\/kristjanjuusu.com\/wp-content\/uploads\/2025\/01\/sookured_kuivnoel-1_1-kristjan-Juusu-1999-1-988x1024.jpg 988w, https:\/\/kristjanjuusu.com\/wp-content\/uploads\/2025\/01\/sookured_kuivnoel-1_1-kristjan-Juusu-1999-1-290x300.jpg 290w, https:\/\/kristjanjuusu.com\/wp-content\/uploads\/2025\/01\/sookured_kuivnoel-1_1-kristjan-Juusu-1999-1-768x796.jpg 768w, https:\/\/kristjanjuusu.com\/wp-content\/uploads\/2025\/01\/sookured_kuivnoel-1_1-kristjan-Juusu-1999-1-1482x1536.jpg 1482w, https:\/\/kristjanjuusu.com\/wp-content\/uploads\/2025\/01\/sookured_kuivnoel-1_1-kristjan-Juusu-1999-1-1977x2048.jpg 1977w\" sizes=\"auto, (max-width: 988px) 100vw, 988px\" \/><figcaption class=\"wp-element-caption\">40 x 30mm. *sookured* drypoint art 1\/1, 1999 Tartu<\/figcaption><\/figure>\n<\/div>\n\n\n\n<div class=\"wp-block-uagb-container uagb-block-44efbcdd\">\n<p class=\"has-text-align-center\" style=\"padding-top:0;padding-bottom:0\"><br>                                                                 ****<\/p>\n\n\n\n<p class=\"has-text-align-center\" style=\"padding-top:0;padding-bottom:0\">Vask tihke raksatus,<\/p>\n\n\n\n<p class=\"has-text-align-center\" style=\"padding-top:0;padding-right:0;padding-bottom:0;padding-left:0\"><br>k\u00fclm kargeks s\u00f6\u00f6nud tihedaks<br>kasvanud kasepuu<\/p>\n\n\n\n<p class=\"has-text-align-center\">ja suud andes j\u00e4ik k\u00fclmale vindunud,<\/p>\n\n\n\n<p class=\"has-text-align-center\">on torm&nbsp; l\u00fckanud<br> tuul tumepilvedesse vasekarva kuu.<\/p>\n\n\n\n<p class=\"has-text-align-center\">Rahu ja raju,<\/p>\n\n\n\n<p class=\"has-text-align-center\">lebada ei saa,<\/p>\n\n\n\n<p class=\"has-text-align-center\"> niisama s\u00fcnnitusvaludes,<\/p>\n\n\n\n<p class=\"has-text-align-center\">karjudes ja \u00f5hku peoga krabades,<\/p>\n\n\n\n<p class=\"has-text-align-center\">v\u00e4simust pole v\u00e4sides.<\/p>\n\n\n\n<p class=\"has-text-align-center\">19 jan. 2024<\/p>\n\n\n\n<p class=\"has-text-align-center\">Tartus<\/p>\n\n\n\n<p class=\"has-text-align-center\">****<\/p>\n<\/div>\n<\/div><\/div>\n\n\n\n<div class=\"wp-block-uagb-container uagb-block-9701e515 alignfull uagb-is-root-container\"><div class=\"uagb-container-inner-blocks-wrap\">\n<div class=\"wp-block-uagb-container uagb-block-194d4af4\">\n<figure class=\"wp-block-image aligncenter size-full is-resized has-custom-border\" style=\"margin-top:0;margin-right:0;margin-bottom:0;margin-left:0\"><img loading=\"lazy\" decoding=\"async\" width=\"1022\" height=\"1112\" src=\"https:\/\/kristjanjuusu.com\/wp-content\/uploads\/2025\/01\/varesed.-kuivnoel-1999-juusu_tartu_for-web.jpg\" alt=\"\" class=\"wp-image-29412\" style=\"border-style:none;border-width:0px;border-radius:18px;width:329px;height:auto\" srcset=\"https:\/\/kristjanjuusu.com\/wp-content\/uploads\/2025\/01\/varesed.-kuivnoel-1999-juusu_tartu_for-web.jpg 1022w, https:\/\/kristjanjuusu.com\/wp-content\/uploads\/2025\/01\/varesed.-kuivnoel-1999-juusu_tartu_for-web-276x300.jpg 276w, https:\/\/kristjanjuusu.com\/wp-content\/uploads\/2025\/01\/varesed.-kuivnoel-1999-juusu_tartu_for-web-941x1024.jpg 941w, https:\/\/kristjanjuusu.com\/wp-content\/uploads\/2025\/01\/varesed.-kuivnoel-1999-juusu_tartu_for-web-768x836.jpg 768w\" sizes=\"auto, (max-width: 1022px) 100vw, 1022px\" \/><figcaption class=\"wp-element-caption\">60 x 60mm. *\u00a0\u00bbn\u00e4e ufo\u00a0\u00bb: ytlesid varesed traadil* drypoint art 1\/3, 1999 Tartu<\/figcaption><\/figure>\n<\/div>\n\n\n\n<div class=\"wp-block-uagb-container uagb-block-ce616f2d\">\n<p class=\"has-text-align-center\">***<\/p>\n\n\n\n<p class=\"has-text-align-center\">Nutt nurgas vuhiseb tuul,<\/p>\n\n\n\n<p class=\"has-text-align-center\">akna paistes kuu varjude mustrite sees on puu ja<\/p>\n\n\n\n<p class=\"has-text-align-center\">oksad mis seistes.<\/p>\n\n\n\n<p class=\"has-text-align-center\">Und vaikides puistab vilin, keda kuulen on sahinas toas, <br>teised hingavad magades nohinad suud,<br> ja see unetu vilin on ikka.<\/p>\n\n\n\n<p class=\"has-text-align-center\">II.<\/p>\n\n\n\n<p class=\"has-text-align-center\">Aeg keerutab r\u00fctmilist naginal itta ja<br>vaikides k\u00f5rvas on pinin.<\/p>\n\n\n\n<p class=\"has-text-align-center\">Maalides silmade j\u00f5uga on kehas,<br>k\u00f5ik loogika vastame ulgudes tirib.<\/p>\n\n\n\n<p class=\"has-text-align-center\">Tumesinise pintsliga suure l\u00f5uendi sahinal<br>mentaalne kurbusest r\u00f5\u00f5mu valmistav kiht.<\/p>\n\n\n\n<p class=\"has-text-align-center\">19 jan.2024<\/p>\n\n\n\n<p class=\"has-text-align-center\">Tartus<\/p>\n\n\n\n<p class=\"has-text-align-center\">***<\/p>\n<\/div>\n<\/div><\/div>\n\n\n\n<div class=\"wp-block-uagb-container uagb-block-86add46a alignfull uagb-is-root-container\"><div class=\"uagb-container-inner-blocks-wrap\">\n<div class=\"wp-block-uagb-container uagb-block-6da6bd7a\">\n<figure class=\"wp-block-image aligncenter size-full is-resized has-custom-border\" style=\"margin-top:0;margin-right:0;margin-bottom:0;margin-left:0\"><img loading=\"lazy\" decoding=\"async\" width=\"580\" height=\"416\" src=\"https:\/\/kristjanjuusu.com\/wp-content\/uploads\/2025\/01\/uni_graafika_1999_kristjan-juusu_for-web.jpg\" alt=\"\" class=\"wp-image-29409\" style=\"border-style:none;border-width:0px;border-radius:18px;width:429px;height:auto\" srcset=\"https:\/\/kristjanjuusu.com\/wp-content\/uploads\/2025\/01\/uni_graafika_1999_kristjan-juusu_for-web.jpg 580w, https:\/\/kristjanjuusu.com\/wp-content\/uploads\/2025\/01\/uni_graafika_1999_kristjan-juusu_for-web-300x215.jpg 300w\" sizes=\"auto, (max-width: 580px) 100vw, 580px\" \/><figcaption class=\"wp-element-caption\">50 x 70mm. *uni* drypoint art 1\/2, 1999 Tartu<\/figcaption><\/figure>\n<\/div>\n\n\n\n<div class=\"wp-block-uagb-container uagb-block-c8e18372\">\n<p class=\"has-text-align-center\"><strong>****<\/strong><\/p>\n\n\n\n<p class=\"has-text-align-center\">Miks kiindumus on tulema nii kergelt kange,<\/p>\n\n\n\n<p class=\"has-text-align-center\">kallistab ja hellitab, hoiab visalt kinni, hoides oma vange.<\/p>\n\n\n\n<p class=\"has-text-align-center\">Kiiruga, kui saabudes rongilt maha astudes,<\/p>\n\n\n\n<p class=\"has-text-align-center\">vaevalt m\u00e4rgates ja tuules justkui sahistab,<\/p>\n\n\n\n<p class=\"has-text-align-center\">p\u00e4rast pikalt, piinlikult s\u00fcdant venitades, t\u00f5mbab n\u00e4htamatult armutuna sange.<\/p>\n\n\n\n<p class=\"has-text-align-center\">Voodisse end visates, justkui tahaks langeda ja \u00e4rgata,<\/p>\n\n\n\n<p class=\"has-text-align-center\">kui soojus on puistand s\u00fcdamesse k\u00fclmi lumehelbeid hinge.<\/p>\n\n\n\n<p class=\"has-text-align-center\">Kustutada vaid, kui kirjutades tahaks neid, ja heidaks k\u00fclma hange.<\/p>\n\n\n\n<p class=\"has-text-align-center\"><strong>25. aug. 2024<\/strong><\/p>\n\n\n\n<p class=\"has-text-align-center\"><strong>****<\/strong><\/p>\n<\/div>\n<\/div><\/div>\n\n\n\n<div class=\"wp-block-uagb-container uagb-block-66236c90 alignfull uagb-is-root-container\"><div class=\"uagb-container-inner-blocks-wrap\">\n<div class=\"wp-block-uagb-container uagb-block-06481ea5\">\n<figure class=\"wp-block-image aligncenter size-full is-resized has-custom-border\" style=\"margin-top:0;margin-right:0;margin-bottom:0;margin-left:0\"><img loading=\"lazy\" decoding=\"async\" width=\"1467\" height=\"2317\" src=\"https:\/\/kristjanjuusu.com\/wp-content\/uploads\/2025\/01\/16.feb_.2023-ohtul-Maltal_kuivnoel-1_7-kristjan-Juusu-web.jpg\" alt=\"\" class=\"wp-image-29422\" style=\"border-style:none;border-width:0px;border-radius:18px;width:228px;height:auto\" srcset=\"https:\/\/kristjanjuusu.com\/wp-content\/uploads\/2025\/01\/16.feb_.2023-ohtul-Maltal_kuivnoel-1_7-kristjan-Juusu-web.jpg 1467w, https:\/\/kristjanjuusu.com\/wp-content\/uploads\/2025\/01\/16.feb_.2023-ohtul-Maltal_kuivnoel-1_7-kristjan-Juusu-web-190x300.jpg 190w, https:\/\/kristjanjuusu.com\/wp-content\/uploads\/2025\/01\/16.feb_.2023-ohtul-Maltal_kuivnoel-1_7-kristjan-Juusu-web-648x1024.jpg 648w, https:\/\/kristjanjuusu.com\/wp-content\/uploads\/2025\/01\/16.feb_.2023-ohtul-Maltal_kuivnoel-1_7-kristjan-Juusu-web-768x1213.jpg 768w, https:\/\/kristjanjuusu.com\/wp-content\/uploads\/2025\/01\/16.feb_.2023-ohtul-Maltal_kuivnoel-1_7-kristjan-Juusu-web-973x1536.jpg 973w, https:\/\/kristjanjuusu.com\/wp-content\/uploads\/2025\/01\/16.feb_.2023-ohtul-Maltal_kuivnoel-1_7-kristjan-Juusu-web-1297x2048.jpg 1297w\" sizes=\"auto, (max-width: 1467px) 100vw, 1467px\" \/><figcaption class=\"wp-element-caption\">30 x 20mm. *\u00f5htul koeraga* drypoint art 1\/7, 2023 Malta<\/figcaption><\/figure>\n<\/div>\n\n\n\n<div class=\"wp-block-uagb-container uagb-block-04193ce4\">\n<p class=\"has-text-align-center\">****<\/p>\n\n\n\n<p class=\"has-text-align-center\">Kuidagi aeg mis tahab<\/p>\n\n\n\n<p class=\"has-text-align-center\">on nahka pehmelt kortsunud s\u00f5rmedel, ma vaatan<\/p>\n\n\n\n<p class=\"has-text-align-center\">See l\u00f5hn mis s\u00f5rmede vahelt<\/p>\n\n\n\n<p class=\"has-text-align-center\">on k\u00fc\u00fcnal p\u00f5letanud kuuse oksa veel<\/p>\n\n\n\n<p class=\"has-text-align-center\">Ja vahasse vajunud vana taht<\/p>\n\n\n\n<p class=\"has-text-align-center\">lendm\u00f5tteisse kiindudes r\u00fc\u00fcbanud praht<\/p>\n\n\n\n<p class=\"has-text-align-center\">On j\u00e4rele vaid suits mis sinaka vinega vaatab<\/p>\n\n\n\n<p class=\"has-text-align-center\">mu m\u00f5tete sisse avatud keermega kunst<\/p>\n\n\n\n<p class=\"has-text-align-center\">See luues on toon k\u00f5veras istudes tulekus<\/p>\n\n\n\n<p class=\"has-text-align-center\">jalg p\u00f5lvega diivani \u00e4\u00e4rel olekus<\/p>\n\n\n\n<p class=\"has-text-align-center\">Viiulil kergelt on m\u00e4nglemas Bach.<\/p>\n\n\n\n<p class=\"has-text-align-center\">dets. 2023<\/p>\n\n\n\n<p class=\"has-text-align-center\">****<\/p>\n<\/div>\n<\/div><\/div>\n\n\n\n<div class=\"wp-block-uagb-container uagb-block-a1444eff alignfull uagb-is-root-container\"><div class=\"uagb-container-inner-blocks-wrap\">\n<div class=\"wp-block-uagb-container uagb-block-7b262677\">\n<figure class=\"wp-block-image aligncenter size-full is-resized has-custom-border\" style=\"margin-top:0;margin-right:0;margin-bottom:0;margin-left:0\"><img loading=\"lazy\" decoding=\"async\" width=\"1451\" height=\"2560\" src=\"https:\/\/kristjanjuusu.com\/wp-content\/uploads\/2025\/03\/noop-ja-kandik-crop-scaled.jpg\" alt=\"\" class=\"wp-image-29446\" style=\"border-style:none;border-width:0px;border-radius:18px;width:298px;height:auto\" srcset=\"https:\/\/kristjanjuusu.com\/wp-content\/uploads\/2025\/03\/noop-ja-kandik-crop-scaled.jpg 1451w, https:\/\/kristjanjuusu.com\/wp-content\/uploads\/2025\/03\/noop-ja-kandik-crop-170x300.jpg 170w, https:\/\/kristjanjuusu.com\/wp-content\/uploads\/2025\/03\/noop-ja-kandik-crop-581x1024.jpg 581w, https:\/\/kristjanjuusu.com\/wp-content\/uploads\/2025\/03\/noop-ja-kandik-crop-768x1355.jpg 768w, https:\/\/kristjanjuusu.com\/wp-content\/uploads\/2025\/03\/noop-ja-kandik-crop-871x1536.jpg 871w, https:\/\/kristjanjuusu.com\/wp-content\/uploads\/2025\/03\/noop-ja-kandik-crop-1161x2048.jpg 1161w\" sizes=\"auto, (max-width: 1451px) 100vw, 1451px\" \/><figcaption class=\"wp-element-caption\">*N\u00d6\u00d6P &amp; KANDIK*<br>*Button &amp; Tray* Mixed media in poetry<br>2003, 2023-2025<\/figcaption><\/figure>\n<\/div>\n\n\n\n<div class=\"wp-block-uagb-container uagb-block-e1bf0cc1\">\n<p class=\"has-text-align-center\">****<\/p>\n\n\n\n<p class=\"has-text-align-center\">N\u00f6\u00f6p nipsti kandikult libises, hetk m\u00f5tles aegu kuldseid<\/p>\n\n\n\n<p class=\"has-text-align-center\">kuis k\u00fclmal p\u00e4ikselisel lumel sammus minu mantli kandja.<\/p>\n\n\n\n<p class=\"has-text-align-center\">Ta peatus ja hetk mil kandik kandis mind on j\u00e4\u00e4nud siia kalaranda.<\/p>\n\n\n\n<p class=\"has-text-align-center\">N\u00f6\u00f6p libisedes s\u00f5rme vahelt kadus<\/p>\n\n\n\n<p class=\"has-text-align-center\">ja teadvusetult veeres kuhugile sinna,<\/p>\n\n\n\n<p class=\"has-text-align-center\">kus mantlikandjal polnud eales aega ega minna.<\/p>\n\n\n\n<p>                                                         ****<\/p>\n\n\n\n<p class=\"has-text-align-center\">N\u00fc\u00fcd kandikuna m\u00f5eldes, suurest armust ettekandja ajastatud<\/p>\n\n\n\n<p class=\"has-text-align-center\">viimast teenet rahuldada p\u00fc\u00fcdes:<\/p>\n\n\n\n<p class=\"has-text-align-center\">Olen s\u00e4rav heleroheline helk ja kandev,<\/p>\n\n\n\n<p class=\"has-text-align-center\">mantlikandja n\u00f6\u00f6bi toon ma ettekndja punapalgel.<\/p>\n\n\n\n<p class=\"has-text-align-center\">Rannajoon on juba n\u00e4ha, olen lahke, olen uhke olen andev.<\/p>\n\n\n\n<p class=\"has-text-align-center\">Ettekandja viimast komistavat pilku n\u00e4hes<\/p>\n\n\n\n<p class=\"has-text-align-center\">justkui meri oleks tuulest visand laine<\/p>\n\n\n\n<p class=\"has-text-align-center\">ja eksimatult astub kalamehe pange.<\/p>\n\n\n\n<p class=\"has-text-align-center\">                                                      ****<\/p>\n\n\n\n<p class=\"has-text-align-center\">Aeg lennanud on vastu kaua,<\/p>\n\n\n\n<p class=\"has-text-align-center\">teretanud k\u00f5ik on k\u00e4si tasku,<\/p>\n\n\n\n<p class=\"has-text-align-center\">\u00fcks unistaja viimaks leidnud meid ja luitanud on lained liiv.<\/p>\n\n\n\n<p class=\"has-text-align-center\">Pleekind tujudest puhtaks pesnud kujud,<\/p>\n\n\n\n<p class=\"has-text-align-center\">armastus kullana kandikule kandmas n\u00f6\u00f6pi<\/p>\n\n\n\n<p class=\"has-text-align-center\">nagu sina mind ja mina sind.<\/p>\n\n\n\n<p class=\"has-text-align-center\">****<\/p>\n<\/div>\n<\/div><\/div>\n\n\n\n<div class=\"wp-block-uagb-container uagb-block-e52b1d16 alignfull uagb-is-root-container\"><div class=\"uagb-container-inner-blocks-wrap\">\n<div class=\"wp-block-uagb-container uagb-block-092fa670\">\n<figure class=\"wp-block-image aligncenter size-full is-resized has-custom-border\" style=\"margin-top:0;margin-right:0;margin-bottom:0;margin-left:0\"><img loading=\"lazy\" decoding=\"async\" width=\"2228\" height=\"2560\" src=\"https:\/\/kristjanjuusu.com\/wp-content\/uploads\/2025\/04\/graphics_kristjan-juusu_1999.drypoint_kuivnoel-scaled.jpg\" alt=\"\" class=\"wp-image-29656\" style=\"border-style:none;border-width:0px;border-radius:18px;width:298px;height:auto\" srcset=\"https:\/\/kristjanjuusu.com\/wp-content\/uploads\/2025\/04\/graphics_kristjan-juusu_1999.drypoint_kuivnoel-scaled.jpg 2228w, https:\/\/kristjanjuusu.com\/wp-content\/uploads\/2025\/04\/graphics_kristjan-juusu_1999.drypoint_kuivnoel-261x300.jpg 261w, https:\/\/kristjanjuusu.com\/wp-content\/uploads\/2025\/04\/graphics_kristjan-juusu_1999.drypoint_kuivnoel-891x1024.jpg 891w, https:\/\/kristjanjuusu.com\/wp-content\/uploads\/2025\/04\/graphics_kristjan-juusu_1999.drypoint_kuivnoel-768x882.jpg 768w, https:\/\/kristjanjuusu.com\/wp-content\/uploads\/2025\/04\/graphics_kristjan-juusu_1999.drypoint_kuivnoel-1337x1536.jpg 1337w, https:\/\/kristjanjuusu.com\/wp-content\/uploads\/2025\/04\/graphics_kristjan-juusu_1999.drypoint_kuivnoel-1783x2048.jpg 1783w\" sizes=\"auto, (max-width: 2228px) 100vw, 2228px\" \/><figcaption class=\"wp-element-caption\">70 x 60 mm. *N* Drypoint graphics, 1999<\/figcaption><\/figure>\n<\/div>\n\n\n\n<div class=\"wp-block-uagb-container uagb-block-4d1c7fa0\">\n<p class=\"has-text-align-center\">****<\/p>\n\n\n\n<p class=\"has-text-align-center\">K\u00e4rbestel on hommikul s\u00f5brad kivil istumas,<\/p>\n\n\n\n<p>kange seljaga kajakas jahib rannas ulpivaid kalu.&nbsp;<\/p>\n\n\n\n<p>Kunagi sellest aknast vaatav v\u00e4lja madrus<\/p>\n\n\n\n<p>kehitas \u00f4lgu ja aken kadus.&nbsp;<\/p>\n\n\n\n<p>N\u00fc\u00fcd karvaseks merelaine poolt on k\u00f4ige paksem klaas randa h\u00f5\u00f5rund kival.<\/p>\n\n\n\n<p>\u00dclej\u00e4\u00e4nud vrakki kannab merep\u00f5hjas ankrusse vajund n\u00e4kiline neiu, laevaninaks vorminud on skulptori kujuteldav kunsti ihar.&nbsp;<\/p>\n\n\n\n<p>Veits sibab, see hilissuve h\u00f5nguline vihm mis puude juurte lehe l\u00f5hnaline, \u00f5itsva mere\u00e4\u00e4rse n\u00f5gese n\u00f5tk, justkui selga t\u00f5mmanud vana augulise s\u00e4rgi on pilv,&nbsp;<\/p>\n\n\n\n<p>ja puude varjudes hingub auru sooja, tagasi tahab minna sinna taeva.&nbsp;<\/p>\n\n\n\n<p>Imeline v\u00e4rskus hinge heasti r\u00f5hub ja kuivatab p\u00e4ike seljas m\u00e4rgunud augulise s\u00e4rgi.&nbsp;<\/p>\n\n\n\n<p>T\u00f5mmand on meremaa ja taevas linna hommiku t\u00e4navate uitamise m\u00e4rgi, varbad paljad sopaloigus jalutamas pl\u00e4tu.&nbsp;<\/p>\n\n\n\n<p>16.jul. 2024 Tallinna vanalinna t\u00e3naval ja Soome lahe \u00e4\u00e4res veits istudes.<\/p>\n\n\n\n<p class=\"has-text-align-center\">J.<\/p>\n\n\n\n<p class=\"has-text-align-center\">****<\/p>\n<\/div>\n<\/div><\/div>\n\n\n\n<p><\/p>\n","protected":false},"excerpt":{"rendered":"<p>**** Vireleva vaikuse viheluses,sombuses keskp\u00e4eva kerges lumega kaetunarohelise kevadet ootava vaiba all,on ootamas suures kiheluseskevadet, ma nagu juba tunneksin Sind. [&hellip;]<\/p>\n","protected":false},"author":1,"featured_media":0,"parent":0,"menu_order":0,"comment_status":"closed","ping_status":"closed","template":"","meta":{"_uag_custom_page_level_css":"","site-sidebar-layout":"default","site-content-layout":"","ast-site-content-layout":"","site-content-style":"default","site-sidebar-style":"default","ast-global-header-display":"","ast-banner-title-visibility":"","ast-main-header-display":"","ast-hfb-above-header-display":"","ast-hfb-below-header-display":"","ast-hfb-mobile-header-display":"","site-post-title":"","ast-breadcrumbs-content":"","ast-featured-img":"","footer-sml-layout":"","theme-transparent-header-meta":"","adv-header-id-meta":"","stick-header-meta":"","header-above-stick-meta":"","header-main-stick-meta":"","header-below-stick-meta":"","astra-migrate-meta-layouts":"default","ast-page-background-enabled":"default","ast-page-background-meta":{"desktop":{"background-color":"var(--ast-global-color-4)","background-image":"","background-repeat":"repeat","background-position":"center center","background-size":"auto","background-attachment":"scroll","background-type":"","background-media":"","overlay-type":"","overlay-color":"","overlay-opacity":"","overlay-gradient":""},"tablet":{"background-color":"","background-image":"","background-repeat":"repeat","background-position":"center center","background-size":"auto","background-attachment":"scroll","background-type":"","background-media":"","overlay-type":"","overlay-color":"","overlay-opacity":"","overlay-gradient":""},"mobile":{"background-color":"","background-image":"","background-repeat":"repeat","background-position":"center center","background-size":"auto","background-attachment":"scroll","background-type":"","background-media":"","overlay-type":"","overlay-color":"","overlay-opacity":"","overlay-gradient":""}},"ast-content-background-meta":{"desktop":{"background-color":"var(--ast-global-color-5)","background-image":"","background-repeat":"repeat","background-position":"center center","background-size":"auto","background-attachment":"scroll","background-type":"","background-media":"","overlay-type":"","overlay-color":"","overlay-opacity":"","overlay-gradient":""},"tablet":{"background-color":"var(--ast-global-color-5)","background-image":"","background-repeat":"repeat","background-position":"center center","background-size":"auto","background-attachment":"scroll","background-type":"","background-media":"","overlay-type":"","overlay-color":"","overlay-opacity":"","overlay-gradient":""},"mobile":{"background-color":"var(--ast-global-color-5)","background-image":"","background-repeat":"repeat","background-position":"center center","background-size":"auto","background-attachment":"scroll","background-type":"","background-media":"","overlay-type":"","overlay-color":"","overlay-opacity":"","overlay-gradient":""}},"footnotes":""},"class_list":["post-30072","page","type-page","status-publish","hentry"],"spectra_custom_meta":{"_wpml_word_count":["876"],"copied_media_ids":["a:8:{i:0;i:29367;i:1;i:29412;i:2;i:29409;i:3;i:29422;i:4;i:29586;i:5;i:29366;i:6;i:29446;i:7;i:29656;}"],"referenced_media_ids":["a:0:{}"],"_uag_css_file_name":["uag-css-30072.css"]},"uagb_featured_image_src":{"full":false,"thumbnail":false,"medium":false,"medium_large":false,"large":false,"1536x1536":false,"2048x2048":false},"uagb_author_info":{"display_name":"marikajuusu","author_link":"https:\/\/kristjanjuusu.com\/fr\/author\/marikajuusu\/"},"uagb_comment_info":0,"uagb_excerpt":"**** Vireleva vaikuse viheluses,sombuses keskp\u00e4eva kerges lumega kaetunarohelise kevadet ootava vaiba all,on ootamas suures kiheluseskevadet, ma nagu juba tunneksin Sind. [&hellip;]","_links":{"self":[{"href":"https:\/\/kristjanjuusu.com\/fr\/wp-json\/wp\/v2\/pages\/30072","targetHints":{"allow":["GET"]}}],"collection":[{"href":"https:\/\/kristjanjuusu.com\/fr\/wp-json\/wp\/v2\/pages"}],"about":[{"href":"https:\/\/kristjanjuusu.com\/fr\/wp-json\/wp\/v2\/types\/page"}],"author":[{"embeddable":true,"href":"https:\/\/kristjanjuusu.com\/fr\/wp-json\/wp\/v2\/users\/1"}],"replies":[{"embeddable":true,"href":"https:\/\/kristjanjuusu.com\/fr\/wp-json\/wp\/v2\/comments?post=30072"}],"version-history":[{"count":0,"href":"https:\/\/kristjanjuusu.com\/fr\/wp-json\/wp\/v2\/pages\/30072\/revisions"}],"wp:attachment":[{"href":"https:\/\/kristjanjuusu.com\/fr\/wp-json\/wp\/v2\/media?parent=30072"}],"curies":[{"name":"wp","href":"https:\/\/api.w.org\/{rel}","templated":true}]}}